{"id":53,"date":"2020-11-27T18:20:08","date_gmt":"2020-11-27T17:20:08","guid":{"rendered":"http:\/\/www.megasun-boulognesurmer.com\/?page_id=53"},"modified":"2020-11-27T18:20:08","modified_gmt":"2020-11-27T17:20:08","slug":"page-solariums","status":"publish","type":"page","link":"https:\/\/test.megasun-boulognesurmer.com\/?page_id=53","title":{"rendered":"Solariums"},"content":{"rendered":"<p>Lors de votre 1\u00e8re visite, notre personnel qualifi\u00e9 d\u00e9terminera votre phototype de peau et vous conseillera un programme de bronzage personnalis\u00e9, conciliant vos envies et la tol\u00e9rance de votre peau.<\/p>\n<p>Nous mettons \u00e0 votre disposition une gamme d&rsquo;appareils ultra-performants, des solariums certifi\u00e9s et contr\u00f4l\u00e9s, hauts de gamme, de marque Megasun, adapt\u00e9s \u00e0 vos besoins, ainsi qu&rsquo;une gamme de cosm\u00e9tiques sp\u00e9cifiquement d\u00e9velopp\u00e9s pour optimiser et conserver votre bronzage.<\/p>\n<p>\u203a\u203a\u203a Des solariums certifi\u00e9s et contr\u00f4l\u00e9s par un organisme agr\u00e9e ARC avec affichage dans chaque cabine.<br \/>\n\u203a\u203a\u203a Les tubes sont chang\u00e9s r\u00e9gulierement pour vous garantir un bronzage de qualit\u00e9 et une meilleure securit\u00e9.<br \/>\n\u203a\u203a\u203a Tous nos solariums sont equip\u00e9s de la climatisation et de la musique pour votre confort.<\/p>\n<p><div class='content-column one_fifth'><div style=\"\"><a href=\"wp-content\/uploads\/2020\/12\/solariums-XN2H8396.jpg\" class=\"foobox\" rel=\"gallery\"><img loading=\"lazy\" src=\"http:\/\/www.megasun-boulognesurmer.com\/wp-content\/uploads\/2020\/12\/solariums-XN2H8396-300x200.jpg\" alt=\"\" width=\"300\" height=\"200\" class=\"alignnone size-medium wp-image-166\" \/><\/a><\/div><\/div><div class='content-column one_fifth'><div style=\"\"><a href=\"wp-content\/uploads\/2020\/12\/solariums-DSCN4979.jpg\" class=\"foobox\" rel=\"gallery\"><img loading=\"lazy\" src=\"http:\/\/www.megasun-boulognesurmer.com\/wp-content\/uploads\/2020\/12\/solariums-DSCN4979-300x200.jpg\" alt=\"\" width=\"300\" height=\"200\" class=\"alignnone size-medium wp-image-162\" \/><\/a><br \/><\/div><\/div><div class='content-column one_fifth'><div style=\"\"><a href=\"wp-content\/uploads\/2020\/12\/solariums-ms360.jpg\" class=\"foobox\" rel=\"gallery\"><img loading=\"lazy\" src=\"http:\/\/www.megasun-boulognesurmer.com\/wp-content\/uploads\/2020\/12\/solariums-ms360-300x200.jpg\" alt=\"\" width=\"300\" height=\"200\" class=\"alignnone size-medium wp-image-163\" \/><\/a><br \/><\/div><\/div><div class='content-column one_fifth'><div style=\"\"><a href=\"wp-content\/uploads\/2020\/12\/solariums-XN2H8363.jpg\" class=\"foobox\" rel=\"gallery\"><img loading=\"lazy\" src=\"http:\/\/www.megasun-boulognesurmer.com\/wp-content\/uploads\/2020\/12\/solariums-XN2H8363-300x200.jpg\" alt=\"\" width=\"300\" height=\"200\" class=\"alignnone size-medium wp-image-165\" \/><\/a><br \/><\/div><\/div><div class='content-column one_fifth last_column'><div style=\"\"><a href=\"wp-content\/uploads\/2020\/12\/solariums-XN2H8351.jpg\" class=\"foobox\" rel=\"gallery\"><img loading=\"lazy\" src=\"http:\/\/www.megasun-boulognesurmer.com\/wp-content\/uploads\/2020\/12\/solariums-XN2H8351-300x200.jpg\" alt=\"\" width=\"300\" height=\"200\" class=\"alignnone size-medium wp-image-164\" \/><\/a><br \/><\/div><\/div><div class='clear_column'><\/div><\/p>\n","protected":false},"excerpt":{"rendered":"<p>Lors de votre 1\u00e8re visite, notre personnel qualifi\u00e9 d\u00e9terminera votre phototype de peau et vous conseillera un programme de bronzage personnalis\u00e9, conciliant vos envies et la tol\u00e9rance de votre peau. Nous mettons \u00e0 votre disposition une gamme d&rsquo;appareils ultra-performants, des solariums certifi\u00e9s et contr\u00f4l\u00e9s, hauts de gamme, de marque Megasun, adapt\u00e9s \u00e0 vos besoins, ainsi [&hellip;]<\/p>\n","protected":false},"author":1,"featured_media":0,"parent":0,"menu_order":0,"comment_status":"closed","ping_status":"closed","template":"","meta":[],"yoast_head":"<!-- This site is optimized with the Yoast SEO plugin v15.4 - https:\/\/yoast.com\/wordpress\/plugins\/seo\/ -->\n<title>Solariums - MS Test<\/title>\n<meta name=\"robots\" content=\"noindex, follow, max-snippet:-1, max-image-preview:large, max-video-preview:-1\" \/>\n<meta property=\"og:locale\" content=\"fr_FR\" \/>\n<meta property=\"og:type\" content=\"article\" \/>\n<meta property=\"og:title\" content=\"Solariums - MS Test\" \/>\n<meta property=\"og:description\" content=\"Lors de votre 1\u00e8re visite, notre personnel qualifi\u00e9 d\u00e9terminera votre phototype de peau et vous conseillera un programme de bronzage personnalis\u00e9, conciliant vos envies et la tol\u00e9rance de votre peau. Nous mettons \u00e0 votre disposition une gamme d&rsquo;appareils ultra-performants, des solariums certifi\u00e9s et contr\u00f4l\u00e9s, hauts de gamme, de marque Megasun, adapt\u00e9s \u00e0 vos besoins, ainsi [&hellip;]\" \/>\n<meta property=\"og:url\" content=\"https:\/\/test.megasun-boulognesurmer.com\/?page_id=53\" \/>\n<meta property=\"og:site_name\" content=\"MS Test\" \/>\n<meta property=\"og:image\" content=\"http:\/\/www.megasun-boulognesurmer.com\/wp-content\/uploads\/2020\/12\/solariums-XN2H8396-300x200.jpg\" \/>\n<meta name=\"twitter:card\" content=\"summary_large_image\" \/>\n<meta name=\"twitter:label1\" content=\"\u00c9crit par\">\n\t<meta name=\"twitter:data1\" content=\"admin\">\n\t<meta name=\"twitter:label2\" content=\"Dur\u00e9e de lecture est.\">\n\t<meta name=\"twitter:data2\" content=\"1 minute\">\n<script type=\"application\/ld+json\" class=\"yoast-schema-graph\">{\"@context\":\"https:\/\/schema.org\",\"@graph\":[{\"@type\":\"WebSite\",\"@id\":\"https:\/\/test.megasun-boulognesurmer.com\/#website\",\"url\":\"https:\/\/test.megasun-boulognesurmer.com\/\",\"name\":\"MS Test\",\"description\":\"\",\"potentialAction\":[{\"@type\":\"SearchAction\",\"target\":\"https:\/\/test.megasun-boulognesurmer.com\/?s={search_term_string}\",\"query-input\":\"required name=search_term_string\"}],\"inLanguage\":\"fr-FR\"},{\"@type\":\"ImageObject\",\"@id\":\"https:\/\/test.megasun-boulognesurmer.com\/?page_id=53#primaryimage\",\"inLanguage\":\"fr-FR\",\"url\":\"http:\/\/www.megasun-boulognesurmer.com\/wp-content\/uploads\/2020\/12\/solariums-XN2H8396-300x200.jpg\"},{\"@type\":\"WebPage\",\"@id\":\"https:\/\/test.megasun-boulognesurmer.com\/?page_id=53#webpage\",\"url\":\"https:\/\/test.megasun-boulognesurmer.com\/?page_id=53\",\"name\":\"Solariums - MS Test\",\"isPartOf\":{\"@id\":\"https:\/\/test.megasun-boulognesurmer.com\/#website\"},\"primaryImageOfPage\":{\"@id\":\"https:\/\/test.megasun-boulognesurmer.com\/?page_id=53#primaryimage\"},\"datePublished\":\"2020-11-27T17:20:08+00:00\",\"dateModified\":\"2020-11-27T17:20:08+00:00\",\"inLanguage\":\"fr-FR\",\"potentialAction\":[{\"@type\":\"ReadAction\",\"target\":[\"https:\/\/test.megasun-boulognesurmer.com\/?page_id=53\"]}]}]}<\/script>\n<!-- \/ Yoast SEO plugin. -->","_links":{"self":[{"href":"https:\/\/test.megasun-boulognesurmer.com\/index.php?rest_route=\/wp\/v2\/pages\/53"}],"collection":[{"href":"https:\/\/test.megasun-boulognesurmer.com\/index.php?rest_route=\/wp\/v2\/pages"}],"about":[{"href":"https:\/\/test.megasun-boulognesurmer.com\/index.php?rest_route=\/wp\/v2\/types\/page"}],"author":[{"embeddable":true,"href":"https:\/\/test.megasun-boulognesurmer.com\/index.php?rest_route=\/wp\/v2\/users\/1"}],"replies":[{"embeddable":true,"href":"https:\/\/test.megasun-boulognesurmer.com\/index.php?rest_route=%2Fwp%2Fv2%2Fcomments&post=53"}],"version-history":[{"count":0,"href":"https:\/\/test.megasun-boulognesurmer.com\/index.php?rest_route=\/wp\/v2\/pages\/53\/revisions"}],"wp:attachment":[{"href":"https:\/\/test.megasun-boulognesurmer.com\/index.php?rest_route=%2Fwp%2Fv2%2Fmedia&parent=53"}],"curies":[{"name":"wp","href":"https:\/\/api.w.org\/{rel}","templated":true}]}}